{"id":60,"date":"2024-03-14T18:28:53","date_gmt":"2024-03-14T17:28:53","guid":{"rendered":"https:\/\/oolahop.ovh\/?page_id=60"},"modified":"2025-09-20T17:25:02","modified_gmt":"2025-09-20T15:25:02","slug":"nous-rejoindre","status":"publish","type":"page","link":"https:\/\/oolahop.com\/en\/nous-rejoindre\/","title":{"rendered":"Join us"},"content":{"rendered":"<div class=\"wp-block-group alignfull is-layout-flow wp-block-group-is-layout-flow\" style=\"padding-top:0;padding-right:0;padding-bottom:0;padding-left:0\">\n<div class=\"wp-block-group has-global-padding is-layout-constrained wp-container-core-group-is-layout-c8d61ebc wp-block-group-is-layout-constrained\" style=\"padding-top:var(--wp--preset--spacing--30);padding-right:var(--wp--preset--spacing--50);padding-bottom:var(--wp--preset--spacing--30);padding-left:var(--wp--preset--spacing--50)\">\n<div class=\"wp-block-columns is-layout-flex wp-container-core-columns-is-layout-28f84493 wp-block-columns-is-layout-flex\">\n<div class=\"wp-block-column is-vertically-aligned-top is-layout-flow wp-block-column-is-layout-flow\" style=\"flex-basis:34%\">\n<figure class=\"wp-block-image size-large is-style-rounded is-style-rounded--1\"><img loading=\"lazy\" decoding=\"async\" width=\"768\" height=\"1024\" src=\"https:\/\/oolahop.ovh\/wp-content\/uploads\/2024\/03\/locaux-edited-768x1024.jpg\" alt=\"\" class=\"wp-image-115\" srcset=\"https:\/\/oolahop.com\/wp-content\/uploads\/2024\/03\/locaux-edited-768x1024.jpg 768w, https:\/\/oolahop.com\/wp-content\/uploads\/2024\/03\/locaux-edited-225x300.jpg 225w, https:\/\/oolahop.com\/wp-content\/uploads\/2024\/03\/locaux-edited-1152x1536.jpg 1152w, https:\/\/oolahop.com\/wp-content\/uploads\/2024\/03\/locaux-edited-1536x2048.jpg 1536w, https:\/\/oolahop.com\/wp-content\/uploads\/2024\/03\/locaux-edited-scaled.jpg 1920w\" sizes=\"auto, (max-width: 768px) 100vw, 768px\" \/><\/figure>\n<\/div>\n\n\n\n<div class=\"wp-block-column is-vertically-aligned-center is-layout-flow wp-block-column-is-layout-flow\" style=\"padding-left:var(--wp--preset--spacing--20);flex-basis:66%\">\n<h2 class=\"wp-block-heading has-large-font-size\">Do you want to join a dynamic company, in full international growth?<\/h2>\n\n\n\n<p style=\"font-size:clamp(0.875rem, 0.875rem + ((1vw - 0.2rem) * 0.542), 1.2rem);\">The brand's principles and values \u200b\u200bhave seduced you?<\/p>\n\n\n\n<p>La prochaine campagne de recrutement est pr\u00e9vue durant l&rsquo;ann\u00e9e 2026.<br>The offers will be displayed online.<\/p>\n\n\n\n<p>You can already send spontaneous applications if you have talent in one of these areas:<\/p>\n\n\n\n<ul class=\"wp-block-list is-style-checkmark-list\">\n<li><strong>Business Development :<\/strong> you have a big capacity to convince ? You like the contact with a client? The emotional capacities are for you more important than the technic ones ?<\/li>\n\n\n\n<li><strong>Enthusiastic candidate full of resources<\/strong> : Do you have unique skills, ideas or passions that could add value to our company? We invite you to submit your spontaneous application and show us how you can make our team even more dynamic and innovative.<\/li>\n<\/ul>\n\n\n\n<div class=\"wp-block-group has-base-2-background-color has-background has-global-padding is-layout-constrained wp-container-core-group-is-layout-86dba5ee wp-block-group-is-layout-constrained\" style=\"border-radius:10px;padding-top:var(--wp--preset--spacing--10);padding-right:var(--wp--preset--spacing--10);padding-bottom:var(--wp--preset--spacing--10);padding-left:var(--wp--preset--spacing--10)\">\n<div class=\"forminator-guttenberg\"><div class=\"forminator-ui forminator-custom-form forminator-custom-form-173 forminator-design--flat  forminator_ajax\" data-forminator-render=\"0\" data-form=\"forminator-module-173\" data-uid=\"69eeda060faeb\"><br\/><\/div><form\n\t\t\t\tid=\"forminator-module-173\"\n\t\t\t\tclass=\"forminator-ui forminator-custom-form forminator-custom-form-173 forminator-design--flat  forminator_ajax\"\n\t\t\t\tmethod=\"post\"\n\t\t\t\tdata-forminator-render=\"0\"\n\t\t\t\tdata-form-id=\"173\"\n\t\t\t\tenctype=\"multipart\/form-data\" data-color-option=\"default\" data-design=\"flat\" data-grid=\"open\" style=\"display: none;\"\n\t\t\t\tdata-uid=\"69eeda060faeb\" action=\"\"\n\t\t\t><div role=\"alert\" aria-live=\"polite\" class=\"forminator-response-message forminator-error\" aria-hidden=\"true\"><\/div><div class=\"forminator-row\"><div id=\"name-1\" class=\"forminator-field-name forminator-col forminator-col-6\"><div class=\"forminator-field\"><label for=\"forminator-field-name-1_69eeda060faeb\" id=\"forminator-field-name-1_69eeda060faeb-label\" class=\"forminator-label\">Name <span class=\"forminator-required\">*<\/span><\/label><input type=\"text\" name=\"name-1\" value=\"\" placeholder=\"\" id=\"forminator-field-name-1_69eeda060faeb\" class=\"forminator-input forminator-name--field\" aria-required=\"true\" autocomplete=\"name\" \/><\/div><\/div><div id=\"email-1\" class=\"forminator-field-email forminator-col forminator-col-6\"><div class=\"forminator-field\"><label for=\"forminator-field-email-1_69eeda060faeb\" id=\"forminator-field-email-1_69eeda060faeb-label\" class=\"forminator-label\">E-mail <span class=\"forminator-required\">*<\/span><\/label><input type=\"email\" name=\"email-1\" value=\"\" placeholder=\"For example: Jacques@martin.com\" id=\"forminator-field-email-1_69eeda060faeb\" class=\"forminator-input forminator-email--field\" data-required=\"true\" aria-required=\"true\" autocomplete=\"email\" \/><\/div><\/div><\/div><div class=\"forminator-row\"><div id=\"phone-1\" class=\"forminator-field-phone forminator-col forminator-col-12\"><div class=\"forminator-field\"><label for=\"forminator-field-phone-1_69eeda060faeb\" id=\"forminator-field-phone-1_69eeda060faeb-label\" class=\"forminator-label\">Phone number<\/label><input type=\"text\" name=\"phone-1\" value=\"\" placeholder=\"For example: +0352 1 02 03 04 05\" id=\"forminator-field-phone-1_69eeda060faeb\" class=\"forminator-input forminator-field--phone\" data-required=\"\" aria-required=\"false\" autocomplete=\"off\" \/><\/div><\/div><\/div><div class=\"forminator-row\"><div id=\"textarea-1\" class=\"forminator-field-textarea forminator-col forminator-col-12\"><div class=\"forminator-field\"><label for=\"forminator-field-textarea-1_69eeda060faeb\" id=\"forminator-field-textarea-1_69eeda060faeb-label\" class=\"forminator-label\">Message <span class=\"forminator-required\">*<\/span><\/label><textarea name=\"textarea-1\" placeholder=\"Enter your message ...\" id=\"forminator-field-textarea-1_69eeda060faeb\" class=\"forminator-textarea\" rows=\"6\" style=\"--forminator-textarea-min-height:140px;\" ><\/textarea><\/div><\/div><\/div><div class=\"forminator-row\"><div id=\"upload-1\" class=\"forminator-field-upload forminator-col forminator-col-12\"><div class=\"forminator-field\"><label for=\"forminator-field-upload-1_69eeda060faeb\" id=\"forminator-field-upload-1_69eeda060faeb-label\" class=\"forminator-label\">Add a file<\/label><div class=\"forminator-file-upload\" data-element=\"upload-1_69eeda060faeb\"><input type=\"file\" name=\"upload-1\" id=\"forminator-field-upload-1_69eeda060faeb\" class=\"forminator-input-file\" accept=\".jpg,.jpeg,.jpe,.gif,.png,.bmp,.tiff,.tif,.webp,.ico,.heic,.asf,.asx,.wmv,.wmx,.wm,.avi,.divx,.flv,.mov,.qt,.mpeg,.mpg,.mpe,.mp4,.m4v,.ogv,.webm,.mkv,.3gp,.3gpp,.3g2,.3gp2,.txt,.asc,.c,.cc,.h,.srt,.csv,.tsv,.ics,.rtx,.vtt,.mp3,.m4a,.m4b,.aac,.ra,.ram,.wav,.ogg,.oga,.flac,.mid,.midi,.wma,.wax,.mka,.rtf,.pdf,.class,.tar,.zip,.gz,.gzip,.7z,.psd,.xcf,.doc,.pot,.pps,.ppt,.wri,.xla,.xls,.xlt,.xlw,.mdb,.mpp,.docx,.docm,.dotx,.dotm,.xlsx,.xlsm,.xlsb,.xltx,.xltm,.xlam,.pptx,.pptm,.ppsx,.ppsm,.potx,.potm,.ppam,.sldx,.sldm,.onetoc,.onetoc2,.onetmp,.onepkg,.oxps,.xps,.odt,.odp,.ods,.odg,.odc,.odb,.odf,.wp,.wpd,.key,.numbers,.pages\" tabindex=\"-1\"><button id=\"forminator-field-upload-1_69eeda060faeb_button\" class=\"forminator-button forminator-button-upload\" data-id=\"forminator-field-upload-1_69eeda060faeb\">Choose File<\/button><span data-empty-text=\"No file chosen\">No file chosen<\/span><button class=\"forminator-button-delete\" style=\"display: none;\"><i class=\"forminator-icon-close\" aria-hidden=\"true\"><\/i><span class=\"forminator-screen-reader-only\">Delete uploaded file<\/span><\/button><\/div><\/div><\/div><\/div><div class=\"forminator-row\"><div id=\"html-1\" class=\"forminator-field-html forminator-col forminator-col-12\"><div class=\"forminator-field forminator-merge-tags\" data-field=\"html-1\"><p class=\"translation-block\">By submitting this form, you agree to the processing of your data in accordance with the <a rel=\"noopener\" target=\"_blank\" href=\"https:\/\/oolahop.com\/en\/politique-de-confidentialite\/\">privacy policy<\/a> so that Oolahop can respond to your request.<\/p><\/div><\/div><\/div><div class=\"forminator-row\" style=\"margin: 0;\"><div id=\"captcha-1\" class=\"forminator-field-captcha  forminator-col-12\"><div class=\"forminator-captcha-left forminator-g-recaptcha recaptcha-invisible\" data-theme=\"light\" data-badge=\"bottomright\" data-sitekey=\"6LfAG9MpAAAAAPFzSPDCqaO4EE8IKvmo24k4ldt4\" data-size=\"invisible\"><\/div> <\/div><\/div><input type=\"hidden\" name=\"referer_url\" value=\"\" \/><div class=\"forminator-row forminator-row-last\"><div class=\"forminator-col\"><div class=\"forminator-field\"><button class=\"forminator-button forminator-button-submit\">Send the message<\/button><\/div><\/div><\/div><input type=\"hidden\" id=\"forminator_nonce\" name=\"forminator_nonce\" value=\"f8d3db4450\" \/><input type=\"hidden\" name=\"_wp_http_referer\" value=\"\/en\/wp-json\/wp\/v2\/pages\/60\" \/><input type=\"hidden\" name=\"form_id\" value=\"173\"><input type=\"hidden\" name=\"page_id\" value=\"60\"><input type=\"hidden\" name=\"form_type\" value=\"default\"><input type=\"hidden\" name=\"current_url\" value=\"https:\/\/oolahop.com\/en\/nous-rejoindre\/\"><input type=\"hidden\" name=\"render_id\" value=\"0\"><input type=\"hidden\" name=\"action\" value=\"forminator_submit_form_custom-forms\"><label for=\"input_6\" class=\"forminator-hidden\" aria-hidden=\"true\">Please do not fill in this field. <input id=\"input_6\" type=\"text\" name=\"input_6\" value=\"\" autocomplete=\"off\"><\/label><input type=\"hidden\" name=\"trp-form-language\" value=\"en\"\/><\/form><\/div>\n<\/div>\n<\/div>\n<\/div>\n<\/div>\n<\/div>","protected":false},"excerpt":{"rendered":"<p>Vous souhaitez rejoindre une entreprise dynamique, en pleine croissance internationale ? Les principes et valeurs de la marque vous s\u00e9duisent ? La prochaine campagne de recrutement est pr\u00e9vue durant l&rsquo;ann\u00e9e 2026.Les offres seront affich\u00e9es en ligne. Vous pouvez d\u00e9j\u00e0 envoyer des candidatures spontan\u00e9es si vous avez du talent dans l\u2019un de ces domaines :<\/p>","protected":false},"author":1,"featured_media":0,"parent":0,"menu_order":0,"comment_status":"closed","ping_status":"closed","template":"page-no-title","meta":{"iawp_total_views":220,"footnotes":""},"class_list":["post-60","page","type-page","status-publish","hentry"],"_links":{"self":[{"href":"https:\/\/oolahop.com\/en\/wp-json\/wp\/v2\/pages\/60","targetHints":{"allow":["GET"]}}],"collection":[{"href":"https:\/\/oolahop.com\/en\/wp-json\/wp\/v2\/pages"}],"about":[{"href":"https:\/\/oolahop.com\/en\/wp-json\/wp\/v2\/types\/page"}],"author":[{"embeddable":true,"href":"https:\/\/oolahop.com\/en\/wp-json\/wp\/v2\/users\/1"}],"replies":[{"embeddable":true,"href":"https:\/\/oolahop.com\/en\/wp-json\/wp\/v2\/comments?post=60"}],"version-history":[{"count":13,"href":"https:\/\/oolahop.com\/en\/wp-json\/wp\/v2\/pages\/60\/revisions"}],"predecessor-version":[{"id":600,"href":"https:\/\/oolahop.com\/en\/wp-json\/wp\/v2\/pages\/60\/revisions\/600"}],"wp:attachment":[{"href":"https:\/\/oolahop.com\/en\/wp-json\/wp\/v2\/media?parent=60"}],"curies":[{"name":"wp","href":"https:\/\/api.w.org\/{rel}","templated":true}]}}